{"id":715,"date":"2015-10-06T13:00:09","date_gmt":"2015-10-06T11:00:09","guid":{"rendered":"http:\/\/wp.cavi.de\/?page_id=715"},"modified":"2016-07-24T19:52:46","modified_gmt":"2016-07-24T17:52:46","slug":"kleinmesse-leipzig-ii","status":"publish","type":"page","link":"https:\/\/www.melcastelli.com\/?page_id=715","title":{"rendered":"Kleinmesse Leipzig"},"content":{"rendered":"<hr \/>\n<div style=\"text-indent: 10px;\"><span style=\"font-family: helvetica,arial,sans-serif; font-size: 12pt;\"><header class=\"entry-header\"><h1 class=\"wc-shortcodes-heading text-align-left entry-title\" style=\"\"><span>Kleinmesse Leipzig<\/span><\/h1><\/header><\/span><\/div>\n<div style=\"text-indent: 10px;\"><\/div>\n<hr \/>\n<p style=\"padding: 12px;\">Im Jahr 1987 entstand die erste Fotoserie \u00fcber die Betreiber der Fahrgesch\u00e4fte, \u00fcber Losbudenverk\u00e4ufer und vergn\u00fcgungsfreudige Besucher der Leipziger \u201eKleinmesse\u201c, die mehrmals j\u00e4hrlich auf dem Gel\u00e4nde an der Elsterbr\u00fccke nahe dem Sportforum stattfindet. 25 Jahre sp\u00e4ter kehrte der Fotograf an diesen Ort zur\u00fcck und taucht ein in das Jahrmarkt-Milieu der 2010er Jahre. Entstanden ist eine k\u00fcnstlerische Sozialstudie, welche gleichzeitig auf verschiedenen Ebenen Zeitgeist reflektiert. Den analog fotografierten Schwarz-Wei\u00df-Aufnahmen steht nicht nur grell-bunte Digitalfotografie gegen\u00fcber, auch die Menschen und deren Haltung gegen\u00fcber dem Fotografen und seinem Medium haben sich gewandelt. Die selbstbewussten, filmreifen Posen der 80er sind zweifelnden, sich abwendenden Blicken gewichen.<\/p>\n<div style=\"text-indent: 12px;\">\n<h4>Serie 2012<\/h4>\n<\/div>\n<style type=\"text\/css\">\n#foogallery-gallery-401.fg-justified .fg-item { margin-right: 12px; margin-bottom: 12px; }\n#foogallery-gallery-401.fg-justified .fg-image { height: 300px; }<\/style>\n\t\t\t<div class=\"foogallery foogallery-container foogallery-justified foogallery-lightbox-foogallery fg-justified fg-ready fg-light fg-loading-default fg-loaded-fade-in fg-hover-fade\" id=\"foogallery-gallery-401\" data-foogallery=\"{&quot;item&quot;:{&quot;showCaptionTitle&quot;:true,&quot;showCaptionDescription&quot;:true},&quot;lazy&quot;:true,&quot;template&quot;:{&quot;rowHeight&quot;:300,&quot;maxRowHeight&quot;:370,&quot;margins&quot;:12,&quot;align&quot;:&quot;center&quot;,&quot;lastRow&quot;:&quot;smart&quot;}}\" data-foogallery-lightbox=\"{&quot;thumbs&quot;:&quot;none&quot;,&quot;info&quot;:&quot;bottom&quot;,&quot;infoVisible&quot;:true,&quot;infoOverlay&quot;:true,&quot;infoAlign&quot;:&quot;default&quot;,&quot;transition&quot;:&quot;fade&quot;,&quot;hoverButtons&quot;:false,&quot;fitMedia&quot;:false,&quot;noScrollbars&quot;:true,&quot;preserveButtonSpace&quot;:true,&quot;buttons&quot;:{&quot;fullscreen&quot;:false,&quot;info&quot;:true,&quot;thumbs&quot;:false},&quot;video&quot;:{&quot;autoPlay&quot;:true}}\" >\n\t<div class=\"fg-item fg-type-image fg-idle\"><figure class=\"fg-item-inner\"><a href=\"https:\/\/www.melcastelli.com\/wp-content\/uploads\/2015\/09\/131002-R-57web.jpg\" data-attachment-id=\"502\" data-type=\"image\" class=\"fg-thumb\" data-rel=\"lightbox-image-0\" data-rl_title=\"\" data-rl_caption=\"\" title=\"\"><span class=\"fg-image-wrap\"><img fetchpriority=\"high\" decoding=\"async\" alt=\"Melchior Castelli Fotografie\" height=\"370\" width=\"370\" class=\"skip-lazy fg-image\" data-src-fg=\"https:\/\/www.melcastelli.com\/wp-content\/uploads\/cache\/2015\/09\/131002-R-57web\/2132740720.jpg\" src=\"data:image\/svg+xml,%3Csvg%20xmlns%3D%22http%3A%2F%2Fwww.w3.org%2F2000%2Fsvg%22%20width%3D%22370%22%20height%3D%22370%22%20viewBox%3D%220%200%20370%20370%22%3E%3C%2Fsvg%3E\" loading=\"eager\"><\/span><span class=\"fg-image-overlay\"><\/span><\/a><\/figure><div class=\"fg-loader\"><\/div><\/div><div class=\"fg-item fg-type-image fg-idle\"><figure class=\"fg-item-inner\"><a href=\"https:\/\/www.melcastelli.com\/wp-content\/uploads\/2015\/09\/130423-R-387web.jpg\" data-attachment-id=\"494\" data-type=\"image\" class=\"fg-thumb\" data-rel=\"lightbox-image-1\" data-rl_title=\"\" data-rl_caption=\"\" title=\"\"><span class=\"fg-image-wrap\"><img decoding=\"async\" alt=\"Melchior Castelli Fotografie\" height=\"370\" width=\"370\" class=\"skip-lazy fg-image\" data-src-fg=\"https:\/\/www.melcastelli.com\/wp-content\/uploads\/cache\/2015\/09\/130423-R-387web\/845460764.jpg\" src=\"data:image\/svg+xml,%3Csvg%20xmlns%3D%22http%3A%2F%2Fwww.w3.org%2F2000%2Fsvg%22%20width%3D%22370%22%20height%3D%22370%22%20viewBox%3D%220%200%20370%20370%22%3E%3C%2Fsvg%3E\" loading=\"eager\"><\/span><span class=\"fg-image-overlay\"><\/span><\/a><\/figure><div class=\"fg-loader\"><\/div><\/div><div class=\"fg-item fg-type-image fg-idle\"><figure class=\"fg-item-inner\"><a href=\"https:\/\/www.melcastelli.com\/wp-content\/uploads\/2015\/09\/130421-R-247web.jpg\" data-attachment-id=\"487\" data-type=\"image\" class=\"fg-thumb\" data-rel=\"lightbox-image-2\" data-rl_title=\"\" data-rl_caption=\"\" title=\"\"><span class=\"fg-image-wrap\"><img decoding=\"async\" alt=\"Melchior Castelli Fotografie\" height=\"370\" width=\"370\" class=\"skip-lazy fg-image\" data-src-fg=\"https:\/\/www.melcastelli.com\/wp-content\/uploads\/cache\/2015\/09\/130421-R-247web\/730546173.jpg\" src=\"data:image\/svg+xml,%3Csvg%20xmlns%3D%22http%3A%2F%2Fwww.w3.org%2F2000%2Fsvg%22%20width%3D%22370%22%20height%3D%22370%22%20viewBox%3D%220%200%20370%20370%22%3E%3C%2Fsvg%3E\" loading=\"eager\"><\/span><span class=\"fg-image-overlay\"><\/span><\/a><\/figure><div class=\"fg-loader\"><\/div><\/div><div class=\"fg-item fg-type-image fg-idle\"><figure class=\"fg-item-inner\"><a href=\"https:\/\/www.melcastelli.com\/wp-content\/uploads\/2015\/09\/120515-R-16web.jpg\" data-attachment-id=\"418\" data-type=\"image\" class=\"fg-thumb\" data-rel=\"lightbox-image-3\" data-rl_title=\"\" data-rl_caption=\"\" title=\"\"><span class=\"fg-image-wrap\"><img decoding=\"async\" height=\"370\" width=\"370\" class=\"skip-lazy fg-image\" data-src-fg=\"https:\/\/www.melcastelli.com\/wp-content\/uploads\/cache\/2015\/09\/120515-R-16web\/995795036.jpg\" src=\"data:image\/svg+xml,%3Csvg%20xmlns%3D%22http%3A%2F%2Fwww.w3.org%2F2000%2Fsvg%22%20width%3D%22370%22%20height%3D%22370%22%20viewBox%3D%220%200%20370%20370%22%3E%3C%2Fsvg%3E\" loading=\"eager\"><\/span><span class=\"fg-image-overlay\"><\/span><\/a><\/figure><div class=\"fg-loader\"><\/div><\/div><div class=\"fg-item fg-type-image fg-idle\"><figure class=\"fg-item-inner\"><a href=\"https:\/\/www.melcastelli.com\/wp-content\/uploads\/2015\/09\/130421-R-186b-PS3web.jpg\" data-attachment-id=\"481\" data-type=\"image\" class=\"fg-thumb\" data-rel=\"lightbox-image-4\" data-rl_title=\"\" data-rl_caption=\"\" title=\"\"><span class=\"fg-image-wrap\"><img decoding=\"async\" alt=\"Melchior Castelli Fotografie\" height=\"370\" width=\"370\" class=\"skip-lazy fg-image\" data-src-fg=\"https:\/\/www.melcastelli.com\/wp-content\/uploads\/cache\/2015\/09\/130421-R-186b-PS3web\/2579914852.jpg\" src=\"data:image\/svg+xml,%3Csvg%20xmlns%3D%22http%3A%2F%2Fwww.w3.org%2F2000%2Fsvg%22%20width%3D%22370%22%20height%3D%22370%22%20viewBox%3D%220%200%20370%20370%22%3E%3C%2Fsvg%3E\" loading=\"eager\"><\/span><span class=\"fg-image-overlay\"><\/span><\/a><\/figure><div class=\"fg-loader\"><\/div><\/div><div class=\"fg-item fg-type-image fg-idle\"><figure class=\"fg-item-inner\"><a href=\"https:\/\/www.melcastelli.com\/wp-content\/uploads\/2015\/09\/130420-R-09web.jpg\" data-attachment-id=\"470\" data-type=\"image\" class=\"fg-thumb\" data-rel=\"lightbox-image-5\" data-rl_title=\"\" data-rl_caption=\"\" title=\"\"><span class=\"fg-image-wrap\"><img decoding=\"async\" alt=\"Melchior Castelli Fotografie\" height=\"370\" width=\"370\" class=\"skip-lazy fg-image\" data-src-fg=\"https:\/\/www.melcastelli.com\/wp-content\/uploads\/cache\/2015\/09\/130420-R-09web\/2871440365.jpg\" src=\"data:image\/svg+xml,%3Csvg%20xmlns%3D%22http%3A%2F%2Fwww.w3.org%2F2000%2Fsvg%22%20width%3D%22370%22%20height%3D%22370%22%20viewBox%3D%220%200%20370%20370%22%3E%3C%2Fsvg%3E\" loading=\"eager\"><\/span><span class=\"fg-image-overlay\"><\/span><\/a><\/figure><div class=\"fg-loader\"><\/div><\/div><div class=\"fg-item fg-type-image fg-idle\"><figure class=\"fg-item-inner\"><a href=\"https:\/\/www.melcastelli.com\/wp-content\/uploads\/2015\/09\/130420-R-113-PS3-3web.jpg\" data-attachment-id=\"479\" data-type=\"image\" class=\"fg-thumb\" data-rel=\"lightbox-image-6\" data-rl_title=\"\" data-rl_caption=\"\" title=\"\"><span class=\"fg-image-wrap\"><img decoding=\"async\" alt=\"Melchior Castelli Fotografie\" height=\"370\" width=\"370\" class=\"skip-lazy fg-image\" data-src-fg=\"https:\/\/www.melcastelli.com\/wp-content\/uploads\/cache\/2015\/09\/130420-R-113-PS3-3web\/2601077018.jpg\" src=\"data:image\/svg+xml,%3Csvg%20xmlns%3D%22http%3A%2F%2Fwww.w3.org%2F2000%2Fsvg%22%20width%3D%22370%22%20height%3D%22370%22%20viewBox%3D%220%200%20370%20370%22%3E%3C%2Fsvg%3E\" loading=\"eager\"><\/span><span class=\"fg-image-overlay\"><\/span><\/a><\/figure><div class=\"fg-loader\"><\/div><\/div><div class=\"fg-item fg-type-image fg-idle\"><figure class=\"fg-item-inner\"><a href=\"https:\/\/www.melcastelli.com\/wp-content\/uploads\/2015\/09\/130423-R-469web.jpg\" data-attachment-id=\"497\" data-type=\"image\" class=\"fg-thumb\" data-rel=\"lightbox-image-7\" data-rl_title=\"\" data-rl_caption=\"\" title=\"\"><span class=\"fg-image-wrap\"><img decoding=\"async\" alt=\"Melchior Castelli Fotografie\" height=\"370\" width=\"370\" class=\"skip-lazy fg-image\" data-src-fg=\"https:\/\/www.melcastelli.com\/wp-content\/uploads\/cache\/2015\/09\/130423-R-469web\/1049604329.jpg\" src=\"data:image\/svg+xml,%3Csvg%20xmlns%3D%22http%3A%2F%2Fwww.w3.org%2F2000%2Fsvg%22%20width%3D%22370%22%20height%3D%22370%22%20viewBox%3D%220%200%20370%20370%22%3E%3C%2Fsvg%3E\" loading=\"eager\"><\/span><span class=\"fg-image-overlay\"><\/span><\/a><\/figure><div class=\"fg-loader\"><\/div><\/div><div class=\"fg-item fg-type-image fg-idle\"><figure class=\"fg-item-inner\"><a href=\"https:\/\/www.melcastelli.com\/wp-content\/uploads\/2015\/09\/130420-R-91web.jpg\" data-attachment-id=\"477\" data-type=\"image\" class=\"fg-thumb\" data-rel=\"lightbox-image-8\" data-rl_title=\"\" data-rl_caption=\"\" title=\"\"><span class=\"fg-image-wrap\"><img decoding=\"async\" alt=\"Melchior Castelli Fotografie\" height=\"370\" width=\"370\" class=\"skip-lazy fg-image\" data-src-fg=\"https:\/\/www.melcastelli.com\/wp-content\/uploads\/cache\/2015\/09\/130420-R-91web\/3556376395.jpg\" src=\"data:image\/svg+xml,%3Csvg%20xmlns%3D%22http%3A%2F%2Fwww.w3.org%2F2000%2Fsvg%22%20width%3D%22370%22%20height%3D%22370%22%20viewBox%3D%220%200%20370%20370%22%3E%3C%2Fsvg%3E\" loading=\"eager\"><\/span><span class=\"fg-image-overlay\"><\/span><\/a><\/figure><div class=\"fg-loader\"><\/div><\/div><\/div>\n\n<p>&nbsp;<\/p>\n<hr \/>\n<div style=\"text-indent: 12px;\">\n<h4>Serie 1987<\/h4>\n<\/div>\n<style type=\"text\/css\">\n#foogallery-gallery-545.fg-justified .fg-item { margin-right: 12px; margin-bottom: 12px; }\n#foogallery-gallery-545.fg-justified .fg-image { height: 300px; }<\/style>\n\t\t\t<div class=\"foogallery foogallery-container foogallery-justified foogallery-lightbox-foogallery fg-justified fg-ready fg-light fg-loading-default fg-loaded-fade-in fg-hover-fade\" id=\"foogallery-gallery-545\" data-foogallery=\"{&quot;item&quot;:{&quot;showCaptionTitle&quot;:true,&quot;showCaptionDescription&quot;:true},&quot;lazy&quot;:true,&quot;template&quot;:{&quot;rowHeight&quot;:300,&quot;maxRowHeight&quot;:370,&quot;margins&quot;:12,&quot;align&quot;:&quot;center&quot;,&quot;lastRow&quot;:&quot;smart&quot;}}\" data-foogallery-lightbox=\"{&quot;thumbs&quot;:&quot;none&quot;,&quot;info&quot;:&quot;bottom&quot;,&quot;infoVisible&quot;:true,&quot;infoOverlay&quot;:true,&quot;infoAlign&quot;:&quot;default&quot;,&quot;transition&quot;:&quot;fade&quot;,&quot;hoverButtons&quot;:false,&quot;fitMedia&quot;:false,&quot;noScrollbars&quot;:true,&quot;preserveButtonSpace&quot;:true,&quot;buttons&quot;:{&quot;fullscreen&quot;:false,&quot;info&quot;:true,&quot;thumbs&quot;:false},&quot;video&quot;:{&quot;autoPlay&quot;:true}}\" >\n\t<div class=\"fg-item fg-type-image fg-idle\"><figure class=\"fg-item-inner\"><a href=\"https:\/\/www.melcastelli.com\/wp-content\/uploads\/2016\/04\/1987_01-SCAN.jpg\" data-attachment-id=\"1680\" data-type=\"image\" class=\"fg-thumb\" data-rel=\"lightbox-image-9\" data-rl_title=\"\" data-rl_caption=\"\" title=\"\"><span class=\"fg-image-wrap\"><img decoding=\"async\" alt=\"Melchior Castelli Fotografie\" height=\"370\" width=\"373\" class=\"skip-lazy fg-image\" data-src-fg=\"https:\/\/www.melcastelli.com\/wp-content\/uploads\/cache\/2016\/04\/1987_01-SCAN\/2675730898.jpg\" src=\"data:image\/svg+xml,%3Csvg%20xmlns%3D%22http%3A%2F%2Fwww.w3.org%2F2000%2Fsvg%22%20width%3D%22373%22%20height%3D%22370%22%20viewBox%3D%220%200%20373%20370%22%3E%3C%2Fsvg%3E\" loading=\"eager\"><\/span><span class=\"fg-image-overlay\"><\/span><\/a><\/figure><div class=\"fg-loader\"><\/div><\/div><div class=\"fg-item fg-type-image fg-idle\"><figure class=\"fg-item-inner\"><a href=\"https:\/\/www.melcastelli.com\/wp-content\/uploads\/2016\/04\/1987_02-SCAN.jpg\" data-attachment-id=\"1681\" data-type=\"image\" class=\"fg-thumb\" data-rel=\"lightbox-image-10\" data-rl_title=\"\" data-rl_caption=\"\" title=\"\"><span class=\"fg-image-wrap\"><img decoding=\"async\" alt=\"Melchior Castelli Fotografie\" height=\"370\" width=\"373\" class=\"skip-lazy fg-image\" data-src-fg=\"https:\/\/www.melcastelli.com\/wp-content\/uploads\/cache\/2016\/04\/1987_02-SCAN\/2272096084.jpg\" src=\"data:image\/svg+xml,%3Csvg%20xmlns%3D%22http%3A%2F%2Fwww.w3.org%2F2000%2Fsvg%22%20width%3D%22373%22%20height%3D%22370%22%20viewBox%3D%220%200%20373%20370%22%3E%3C%2Fsvg%3E\" loading=\"eager\"><\/span><span class=\"fg-image-overlay\"><\/span><\/a><\/figure><div class=\"fg-loader\"><\/div><\/div><div class=\"fg-item fg-type-image fg-idle\"><figure class=\"fg-item-inner\"><a href=\"https:\/\/www.melcastelli.com\/wp-content\/uploads\/2016\/04\/1987_03-SCAN.jpg\" data-attachment-id=\"1690\" data-type=\"image\" class=\"fg-thumb\" data-rel=\"lightbox-image-11\" data-rl_title=\"\" data-rl_caption=\"\" title=\"\"><span class=\"fg-image-wrap\"><img decoding=\"async\" alt=\"Melchior Castelli Fotografie\" height=\"370\" width=\"373\" class=\"skip-lazy fg-image\" data-src-fg=\"https:\/\/www.melcastelli.com\/wp-content\/uploads\/cache\/2016\/04\/1987_03-SCAN\/2273496657.jpg\" src=\"data:image\/svg+xml,%3Csvg%20xmlns%3D%22http%3A%2F%2Fwww.w3.org%2F2000%2Fsvg%22%20width%3D%22373%22%20height%3D%22370%22%20viewBox%3D%220%200%20373%20370%22%3E%3C%2Fsvg%3E\" loading=\"eager\"><\/span><span class=\"fg-image-overlay\"><\/span><\/a><\/figure><div class=\"fg-loader\"><\/div><\/div><div class=\"fg-item fg-type-image fg-idle\"><figure class=\"fg-item-inner\"><a href=\"https:\/\/www.melcastelli.com\/wp-content\/uploads\/2016\/04\/1987_04-SCAN.jpg\" data-attachment-id=\"1683\" data-type=\"image\" class=\"fg-thumb\" data-rel=\"lightbox-image-12\" data-rl_title=\"\" data-rl_caption=\"\" title=\"\"><span class=\"fg-image-wrap\"><img decoding=\"async\" alt=\"Melchior Castelli Fotografie\" height=\"370\" width=\"373\" class=\"skip-lazy fg-image\" data-src-fg=\"https:\/\/www.melcastelli.com\/wp-content\/uploads\/cache\/2016\/04\/1987_04-SCAN\/3075433048.jpg\" src=\"data:image\/svg+xml,%3Csvg%20xmlns%3D%22http%3A%2F%2Fwww.w3.org%2F2000%2Fsvg%22%20width%3D%22373%22%20height%3D%22370%22%20viewBox%3D%220%200%20373%20370%22%3E%3C%2Fsvg%3E\" loading=\"eager\"><\/span><span class=\"fg-image-overlay\"><\/span><\/a><\/figure><div class=\"fg-loader\"><\/div><\/div><div class=\"fg-item fg-type-image fg-idle\"><figure class=\"fg-item-inner\"><a href=\"https:\/\/www.melcastelli.com\/wp-content\/uploads\/2016\/04\/1987_05-SCAN.jpg\" data-attachment-id=\"1684\" data-type=\"image\" class=\"fg-thumb\" data-rel=\"lightbox-image-13\" data-rl_title=\"\" data-rl_caption=\"\" title=\"\"><span class=\"fg-image-wrap\"><img decoding=\"async\" alt=\"Melchior Castelli Fotografie\" height=\"370\" width=\"373\" class=\"skip-lazy fg-image\" data-src-fg=\"https:\/\/www.melcastelli.com\/wp-content\/uploads\/cache\/2016\/04\/1987_05-SCAN\/2772148391.jpg\" src=\"data:image\/svg+xml,%3Csvg%20xmlns%3D%22http%3A%2F%2Fwww.w3.org%2F2000%2Fsvg%22%20width%3D%22373%22%20height%3D%22370%22%20viewBox%3D%220%200%20373%20370%22%3E%3C%2Fsvg%3E\" loading=\"eager\"><\/span><span class=\"fg-image-overlay\"><\/span><\/a><\/figure><div class=\"fg-loader\"><\/div><\/div><div class=\"fg-item fg-type-image fg-idle\"><figure class=\"fg-item-inner\"><a href=\"https:\/\/www.melcastelli.com\/wp-content\/uploads\/2016\/04\/1987_06-SCAN.jpg\" data-attachment-id=\"1685\" data-type=\"image\" class=\"fg-thumb\" data-rel=\"lightbox-image-14\" data-rl_title=\"\" data-rl_caption=\"\" title=\"\"><span class=\"fg-image-wrap\"><img decoding=\"async\" alt=\"Melchior Castelli Fotografie\" height=\"370\" width=\"373\" class=\"skip-lazy fg-image\" data-src-fg=\"https:\/\/www.melcastelli.com\/wp-content\/uploads\/cache\/2016\/04\/1987_06-SCAN\/3173688865.jpg\" src=\"data:image\/svg+xml,%3Csvg%20xmlns%3D%22http%3A%2F%2Fwww.w3.org%2F2000%2Fsvg%22%20width%3D%22373%22%20height%3D%22370%22%20viewBox%3D%220%200%20373%20370%22%3E%3C%2Fsvg%3E\" loading=\"eager\"><\/span><span class=\"fg-image-overlay\"><\/span><\/a><\/figure><div class=\"fg-loader\"><\/div><\/div><div class=\"fg-item fg-type-image fg-idle\"><figure class=\"fg-item-inner\"><a href=\"https:\/\/www.melcastelli.com\/wp-content\/uploads\/2016\/04\/1987_07-SCAN.jpg\" data-attachment-id=\"1691\" data-type=\"image\" class=\"fg-thumb\" data-rel=\"lightbox-image-15\" data-rl_title=\"\" data-rl_caption=\"\" title=\"\"><span class=\"fg-image-wrap\"><img decoding=\"async\" alt=\"Melchior Castelli Fotografie\" height=\"370\" width=\"373\" class=\"skip-lazy fg-image\" data-src-fg=\"https:\/\/www.melcastelli.com\/wp-content\/uploads\/cache\/2016\/04\/1987_07-SCAN\/3806383759.jpg\" src=\"data:image\/svg+xml,%3Csvg%20xmlns%3D%22http%3A%2F%2Fwww.w3.org%2F2000%2Fsvg%22%20width%3D%22373%22%20height%3D%22370%22%20viewBox%3D%220%200%20373%20370%22%3E%3C%2Fsvg%3E\" loading=\"eager\"><\/span><span class=\"fg-image-overlay\"><\/span><\/a><\/figure><div class=\"fg-loader\"><\/div><\/div><div class=\"fg-item fg-type-image fg-idle\"><figure class=\"fg-item-inner\"><a href=\"https:\/\/www.melcastelli.com\/wp-content\/uploads\/2016\/04\/1987_08-SCAN.jpg\" data-attachment-id=\"1692\" data-type=\"image\" class=\"fg-thumb\" data-rel=\"lightbox-image-16\" data-rl_title=\"\" data-rl_caption=\"\" title=\"\"><span class=\"fg-image-wrap\"><img decoding=\"async\" alt=\"Melchior Castelli Fotografie\" height=\"370\" width=\"373\" class=\"skip-lazy fg-image\" data-src-fg=\"https:\/\/www.melcastelli.com\/wp-content\/uploads\/cache\/2016\/04\/1987_08-SCAN\/4035748643.jpg\" src=\"data:image\/svg+xml,%3Csvg%20xmlns%3D%22http%3A%2F%2Fwww.w3.org%2F2000%2Fsvg%22%20width%3D%22373%22%20height%3D%22370%22%20viewBox%3D%220%200%20373%20370%22%3E%3C%2Fsvg%3E\" loading=\"eager\"><\/span><span class=\"fg-image-overlay\"><\/span><\/a><\/figure><div class=\"fg-loader\"><\/div><\/div><div class=\"fg-item fg-type-image fg-idle\"><figure class=\"fg-item-inner\"><a href=\"https:\/\/www.melcastelli.com\/wp-content\/uploads\/2016\/04\/1987_09-SCAN.jpg\" data-attachment-id=\"1689\" data-type=\"image\" class=\"fg-thumb\" data-rel=\"lightbox-image-17\" data-rl_title=\"\" data-rl_caption=\"\" title=\"\"><span class=\"fg-image-wrap\"><img decoding=\"async\" alt=\"Melchior Castelli Fotografie\" height=\"370\" width=\"373\" class=\"skip-lazy fg-image\" data-src-fg=\"https:\/\/www.melcastelli.com\/wp-content\/uploads\/cache\/2016\/04\/1987_09-SCAN\/1311281520.jpg\" src=\"data:image\/svg+xml,%3Csvg%20xmlns%3D%22http%3A%2F%2Fwww.w3.org%2F2000%2Fsvg%22%20width%3D%22373%22%20height%3D%22370%22%20viewBox%3D%220%200%20373%20370%22%3E%3C%2Fsvg%3E\" loading=\"eager\"><\/span><span class=\"fg-image-overlay\"><\/span><\/a><\/figure><div class=\"fg-loader\"><\/div><\/div><\/div>\n\n","protected":false},"excerpt":{"rendered":"<p>Im Jahr 1987 entstand die erste Fotoserie \u00fcber die Betreiber der Fahrgesch\u00e4fte, \u00fcber Losbudenverk\u00e4ufer und vergn\u00fcgungsfreudige Besucher der Leipziger \u201eKleinmesse\u201c, die mehrmals j\u00e4hrlich auf dem Gel\u00e4nde an der Elsterbr\u00fccke nahe dem Sportforum stattfindet. 25 Jahre\u2026<\/p>\n<p> <a class=\"continue-reading-link\" href=\"https:\/\/www.melcastelli.com\/?page_id=715\"><span>weiter<\/span><i class=\"crycon-right-dir\"><\/i><\/a> <\/p>\n","protected":false},"author":1,"featured_media":0,"parent":0,"menu_order":0,"comment_status":"closed","ping_status":"closed","template":"templates\/template-onecolumn.php","meta":{"jetpack_post_was_ever_published":false,"footnotes":""},"class_list":["post-715","page","type-page","status-publish","hentry"],"jetpack_sharing_enabled":true,"jetpack_shortlink":"https:\/\/wp.me\/P7qFei-bx","_links":{"self":[{"href":"https:\/\/www.melcastelli.com\/index.php?rest_route=\/wp\/v2\/pages\/715","targetHints":{"allow":["GET"]}}],"collection":[{"href":"https:\/\/www.melcastelli.com\/index.php?rest_route=\/wp\/v2\/pages"}],"about":[{"href":"https:\/\/www.melcastelli.com\/index.php?rest_route=\/wp\/v2\/types\/page"}],"author":[{"embeddable":true,"href":"https:\/\/www.melcastelli.com\/index.php?rest_route=\/wp\/v2\/users\/1"}],"replies":[{"embeddable":true,"href":"https:\/\/www.melcastelli.com\/index.php?rest_route=%2Fwp%2Fv2%2Fcomments&post=715"}],"version-history":[{"count":0,"href":"https:\/\/www.melcastelli.com\/index.php?rest_route=\/wp\/v2\/pages\/715\/revisions"}],"wp:attachment":[{"href":"https:\/\/www.melcastelli.com\/index.php?rest_route=%2Fwp%2Fv2%2Fmedia&parent=715"}],"curies":[{"name":"wp","href":"https:\/\/api.w.org\/{rel}","templated":true}]}}