{"id":2040,"date":"2020-08-07T17:15:04","date_gmt":"2020-08-07T15:15:04","guid":{"rendered":"https:\/\/www.melcastelli.com\/?page_id=2040"},"modified":"2025-01-27T20:06:28","modified_gmt":"2025-01-27T18:06:28","slug":"projekte-2020","status":"publish","type":"page","link":"https:\/\/www.melcastelli.com\/?page_id=2040","title":{"rendered":"PROJEKTE 2025"},"content":{"rendered":"<hr \/>\n<div style=\"text-indent: 10px;\"><header class=\"entry-header\"><h1 class=\"wc-shortcodes-heading text-align-left entry-title\" style=\"\"><span>PROJEKTE 2025<\/span><\/h1><\/header><\/div>\n<hr \/>\n<div style=\"text-indent: 10px;\"><strong>KAUFBEUREN<\/strong><\/div>\n<p style=\"padding: 12px;\">~ als mittelalterliche Stadt liegt im Nordosten des Allg\u00e4us, beherbergt rund 50.000 Einwohner und vollf\u00fchrt in den letzten Jahren starken Wandel, da nur 90 km von M\u00fcnchen entfernt und mit Bahn-Direktanbindung besonders M\u00fcnchner Familien mit Kindern hierher ziehen, zumal die Allg\u00e4uer Kreisstadt kinderfreundlich und die Mietpreise noch bezahlbar sind.<\/p>\n<p style=\"padding: 12px;\">Mein fotografisches Anliegen zielt jedoch auf die noch vorhandene mittelalterliche Stadtstruktur, verbaute Hinterh\u00f6fe und Eigenheiten, die zunehmend verschwinden oder seltsam modernisiert werden. Einige erste JPG-Bilder aus der Kamera zeige ich hier, die jedoch noch zu finalisieren w\u00e4ren:<\/p>\n<hr \/>\n<style type=\"text\/css\">\n#foogallery-gallery-2042.fg-justified .fg-item { margin-right: 14px; margin-bottom: 14px; }\n#foogallery-gallery-2042.fg-justified .fg-image { height: 240px; }<\/style>\n\t\t\t<div class=\"foogallery foogallery-container foogallery-justified foogallery-lightbox-foogallery fg-justified fg-ready fg-light fg-border-thin fg-loading-default fg-loaded-fade-in fg-caption-hover fg-hover-fade fg-hover-zoom\" id=\"foogallery-gallery-2042\" data-foogallery=\"{&quot;item&quot;:{&quot;showCaptionTitle&quot;:true,&quot;showCaptionDescription&quot;:true},&quot;lazy&quot;:true,&quot;template&quot;:{&quot;rowHeight&quot;:240,&quot;maxRowHeight&quot;:250,&quot;margins&quot;:14,&quot;align&quot;:&quot;center&quot;,&quot;lastRow&quot;:&quot;smart&quot;}}\" data-foogallery-lightbox=\"{&quot;thumbs&quot;:&quot;none&quot;,&quot;info&quot;:&quot;bottom&quot;,&quot;infoVisible&quot;:true,&quot;infoOverlay&quot;:true,&quot;infoAlign&quot;:&quot;default&quot;,&quot;transition&quot;:&quot;fade&quot;,&quot;hoverButtons&quot;:false,&quot;fitMedia&quot;:false,&quot;noScrollbars&quot;:true,&quot;preserveButtonSpace&quot;:true,&quot;buttons&quot;:{&quot;fullscreen&quot;:false,&quot;info&quot;:true,&quot;thumbs&quot;:false},&quot;video&quot;:{&quot;autoPlay&quot;:true}}\" >\n\t<div class=\"fg-item fg-type-image fg-idle\"><figure class=\"fg-item-inner\"><a href=\"https:\/\/www.melcastelli.com\/wp-content\/uploads\/2020\/08\/200807-KF-07web.jpg\" data-attachment-id=\"2049\" data-type=\"image\" class=\"fg-thumb\" data-rel=\"lightbox-image-0\" data-rl_title=\"\" data-rl_caption=\"\" title=\"\"><span class=\"fg-image-wrap\"><img fetchpriority=\"high\" decoding=\"async\" height=\"250\" width=\"375\" class=\"skip-lazy fg-image\" data-src-fg=\"https:\/\/www.melcastelli.com\/wp-content\/uploads\/cache\/2020\/08\/200807-KF-07web\/2198754898.jpg\" src=\"data:image\/svg+xml,%3Csvg%20xmlns%3D%22http%3A%2F%2Fwww.w3.org%2F2000%2Fsvg%22%20width%3D%22375%22%20height%3D%22250%22%20viewBox%3D%220%200%20375%20250%22%3E%3C%2Fsvg%3E\" loading=\"eager\"><\/span><span class=\"fg-image-overlay\"><\/span><\/a><\/figure><div class=\"fg-loader\"><\/div><\/div><div class=\"fg-item fg-type-image fg-idle\"><figure class=\"fg-item-inner\"><a href=\"https:\/\/www.melcastelli.com\/wp-content\/uploads\/2020\/08\/200807-KF-35web.jpg\" data-attachment-id=\"2045\" data-type=\"image\" class=\"fg-thumb\" data-rel=\"lightbox-image-1\" data-rl_title=\"\" data-rl_caption=\"\" title=\"\"><span class=\"fg-image-wrap\"><img decoding=\"async\" height=\"250\" width=\"375\" class=\"skip-lazy fg-image\" data-src-fg=\"https:\/\/www.melcastelli.com\/wp-content\/uploads\/cache\/2020\/08\/200807-KF-35web\/778654784.jpg\" src=\"data:image\/svg+xml,%3Csvg%20xmlns%3D%22http%3A%2F%2Fwww.w3.org%2F2000%2Fsvg%22%20width%3D%22375%22%20height%3D%22250%22%20viewBox%3D%220%200%20375%20250%22%3E%3C%2Fsvg%3E\" loading=\"eager\"><\/span><span class=\"fg-image-overlay\"><\/span><\/a><\/figure><div class=\"fg-loader\"><\/div><\/div><div class=\"fg-item fg-type-image fg-idle\"><figure class=\"fg-item-inner\"><a href=\"https:\/\/www.melcastelli.com\/wp-content\/uploads\/2020\/08\/200808-KF-24web.jpg\" data-attachment-id=\"2048\" data-type=\"image\" class=\"fg-thumb\" data-rel=\"lightbox-image-2\" data-rl_title=\"\" data-rl_caption=\"\" title=\"\"><span class=\"fg-image-wrap\"><img decoding=\"async\" height=\"250\" width=\"375\" class=\"skip-lazy fg-image\" data-src-fg=\"https:\/\/www.melcastelli.com\/wp-content\/uploads\/cache\/2020\/08\/200808-KF-24web\/4022724750.jpg\" src=\"data:image\/svg+xml,%3Csvg%20xmlns%3D%22http%3A%2F%2Fwww.w3.org%2F2000%2Fsvg%22%20width%3D%22375%22%20height%3D%22250%22%20viewBox%3D%220%200%20375%20250%22%3E%3C%2Fsvg%3E\" loading=\"eager\"><\/span><span class=\"fg-image-overlay\"><\/span><\/a><\/figure><div class=\"fg-loader\"><\/div><\/div><div class=\"fg-item fg-type-image fg-idle\"><figure class=\"fg-item-inner\"><a href=\"https:\/\/www.melcastelli.com\/wp-content\/uploads\/2020\/08\/200807-KF-63web.jpg\" data-attachment-id=\"2047\" data-type=\"image\" class=\"fg-thumb\" data-rel=\"lightbox-image-3\" data-rl_title=\"\" data-rl_caption=\"\" title=\"\"><span class=\"fg-image-wrap\"><img decoding=\"async\" height=\"250\" width=\"375\" class=\"skip-lazy fg-image\" data-src-fg=\"https:\/\/www.melcastelli.com\/wp-content\/uploads\/cache\/2020\/08\/200807-KF-63web\/976094332.jpg\" src=\"data:image\/svg+xml,%3Csvg%20xmlns%3D%22http%3A%2F%2Fwww.w3.org%2F2000%2Fsvg%22%20width%3D%22375%22%20height%3D%22250%22%20viewBox%3D%220%200%20375%20250%22%3E%3C%2Fsvg%3E\" loading=\"eager\"><\/span><span class=\"fg-image-overlay\"><\/span><\/a><\/figure><div class=\"fg-loader\"><\/div><\/div><div class=\"fg-item fg-type-image fg-idle\"><figure class=\"fg-item-inner\"><a href=\"https:\/\/www.melcastelli.com\/wp-content\/uploads\/2020\/08\/200807-KF-51web.jpg\" data-attachment-id=\"2046\" data-type=\"image\" class=\"fg-thumb\" data-rel=\"lightbox-image-4\" data-rl_title=\"\" data-rl_caption=\"\" title=\"\"><span class=\"fg-image-wrap\"><img decoding=\"async\" height=\"250\" width=\"375\" class=\"skip-lazy fg-image\" data-src-fg=\"https:\/\/www.melcastelli.com\/wp-content\/uploads\/cache\/2020\/08\/200807-KF-51web\/3393985242.jpg\" src=\"data:image\/svg+xml,%3Csvg%20xmlns%3D%22http%3A%2F%2Fwww.w3.org%2F2000%2Fsvg%22%20width%3D%22375%22%20height%3D%22250%22%20viewBox%3D%220%200%20375%20250%22%3E%3C%2Fsvg%3E\" loading=\"eager\"><\/span><span class=\"fg-image-overlay\"><\/span><\/a><\/figure><div class=\"fg-loader\"><\/div><\/div><div class=\"fg-item fg-type-image fg-idle\"><figure class=\"fg-item-inner\"><a href=\"https:\/\/www.melcastelli.com\/wp-content\/uploads\/2020\/08\/200807-KF-25web.jpg\" data-attachment-id=\"2044\" data-type=\"image\" class=\"fg-thumb\" data-rel=\"lightbox-image-5\" data-rl_title=\"\" data-rl_caption=\"\" title=\"\"><span class=\"fg-image-wrap\"><img decoding=\"async\" height=\"250\" width=\"375\" class=\"skip-lazy fg-image\" data-src-fg=\"https:\/\/www.melcastelli.com\/wp-content\/uploads\/cache\/2020\/08\/200807-KF-25web\/1784442296.jpg\" src=\"data:image\/svg+xml,%3Csvg%20xmlns%3D%22http%3A%2F%2Fwww.w3.org%2F2000%2Fsvg%22%20width%3D%22375%22%20height%3D%22250%22%20viewBox%3D%220%200%20375%20250%22%3E%3C%2Fsvg%3E\" loading=\"eager\"><\/span><span class=\"fg-image-overlay\"><\/span><\/a><\/figure><div class=\"fg-loader\"><\/div><\/div><\/div>\n\n<hr \/>\n<div style=\"text-indent: 10px;\"><strong>STARKE FRAUEN<\/strong><\/div>\n<p style=\"padding: 12px;\">~ ist eine noch unterrepr\u00e4sentierte Fotoserie, die auch weitere Jahre betrieben wird. Hier ein wirklich kraftvolles Statement einer erstaunlichen Frau, die sich mir nach l\u00e4ngerem Gespr\u00e4ch ganz mutig pr\u00e4sentierte. F\u00fcr mich zeigt sie sich ungeschminkt in ihrem Sein!<\/p>\n<hr \/>\n<p><img loading=\"lazy\" decoding=\"async\" class=\"size-full wp-image-2054\" src=\"https:\/\/www.melcastelli.com\/wp-content\/uploads\/2020\/08\/091027_ARS_282web.jpg\" alt=\"\" width=\"1600\" height=\"1068\" srcset=\"https:\/\/www.melcastelli.com\/wp-content\/uploads\/2020\/08\/091027_ARS_282web.jpg 1600w, https:\/\/www.melcastelli.com\/wp-content\/uploads\/2020\/08\/091027_ARS_282web-300x200.jpg 300w, https:\/\/www.melcastelli.com\/wp-content\/uploads\/2020\/08\/091027_ARS_282web-1400x935.jpg 1400w, https:\/\/www.melcastelli.com\/wp-content\/uploads\/2020\/08\/091027_ARS_282web-768x513.jpg 768w, https:\/\/www.melcastelli.com\/wp-content\/uploads\/2020\/08\/091027_ARS_282web-150x100.jpg 150w\" sizes=\"auto, (max-width: 1600px) 100vw, 1600px\" \/><\/p>\n","protected":false},"excerpt":{"rendered":"<p>KAUFBEUREN ~ als mittelalterliche Stadt liegt im Nordosten des Allg\u00e4us, beherbergt rund 50.000 Einwohner und vollf\u00fchrt in den letzten Jahren starken Wandel, da nur 90 km von M\u00fcnchen entfernt und mit Bahn-Direktanbindung besonders M\u00fcnchner Familien\u2026<\/p>\n<p> <a class=\"continue-reading-link\" href=\"https:\/\/www.melcastelli.com\/?page_id=2040\"><span>weiter<\/span><i class=\"crycon-right-dir\"><\/i><\/a> <\/p>\n","protected":false},"author":1,"featured_media":0,"parent":0,"menu_order":0,"comment_status":"closed","ping_status":"closed","template":"templates\/template-onecolumn.php","meta":{"jetpack_post_was_ever_published":false,"footnotes":""},"class_list":["post-2040","page","type-page","status-publish","hentry"],"jetpack_sharing_enabled":true,"jetpack_shortlink":"https:\/\/wp.me\/P7qFei-wU","_links":{"self":[{"href":"https:\/\/www.melcastelli.com\/index.php?rest_route=\/wp\/v2\/pages\/2040","targetHints":{"allow":["GET"]}}],"collection":[{"href":"https:\/\/www.melcastelli.com\/index.php?rest_route=\/wp\/v2\/pages"}],"about":[{"href":"https:\/\/www.melcastelli.com\/index.php?rest_route=\/wp\/v2\/types\/page"}],"author":[{"embeddable":true,"href":"https:\/\/www.melcastelli.com\/index.php?rest_route=\/wp\/v2\/users\/1"}],"replies":[{"embeddable":true,"href":"https:\/\/www.melcastelli.com\/index.php?rest_route=%2Fwp%2Fv2%2Fcomments&post=2040"}],"version-history":[{"count":0,"href":"https:\/\/www.melcastelli.com\/index.php?rest_route=\/wp\/v2\/pages\/2040\/revisions"}],"wp:attachment":[{"href":"https:\/\/www.melcastelli.com\/index.php?rest_route=%2Fwp%2Fv2%2Fmedia&parent=2040"}],"curies":[{"name":"wp","href":"https:\/\/api.w.org\/{rel}","templated":true}]}}