{"id":1871,"date":"2017-07-07T07:54:52","date_gmt":"2017-07-07T05:54:52","guid":{"rendered":"http:\/\/www.melcastelli.com\/?page_id=1871"},"modified":"2022-08-03T17:49:36","modified_gmt":"2022-08-03T15:49:36","slug":"profil","status":"publish","type":"page","link":"https:\/\/www.melcastelli.com\/?page_id=1871","title":{"rendered":"PROFIL"},"content":{"rendered":"<div style=\"text-indent: 10px;\"><header class=\"entry-header\"><h1 class=\"wc-shortcodes-heading text-align-left entry-title\" style=\"color: #106098;\"><span>Profil<\/span><\/h1><\/header><\/div>\n<div style=\"margin-left: 12px; margin-right: 5px;\"><a class=\"wc-shortcodes-image-anchor\" href=\"\"><img loading=\"lazy\" decoding=\"async\" width=\"273\" height=\"300\" alt=\"\" title=\"Melchior Castelli\" src=\"https:\/\/www.melcastelli.com\/wp-content\/uploads\/2017\/07\/Mel-ID1-273x300.jpg\" class=\"wc-shortcodes-image alignleft size-medium wp-image-1902\" srcset=\"https:\/\/www.melcastelli.com\/wp-content\/uploads\/2017\/07\/Mel-ID1-273x300.jpg 273w, https:\/\/www.melcastelli.com\/wp-content\/uploads\/2017\/07\/Mel-ID1-136x150.jpg 136w, https:\/\/www.melcastelli.com\/wp-content\/uploads\/2017\/07\/Mel-ID1.jpg 362w\" sizes=\"auto, (max-width: 273px) 100vw, 273px\" \/><\/a> Der handwerklichen Fotografenausbildung schloss sich die k\u00fcnstlerisch-kreative zum Fotografiker an. So wurde das Wissen \u00fcber Technik und gestalterische Regeln um eine eigene, k\u00fcnstlerische Auffassung und eine freiere Umsetzung bereichert.<\/p>\n<p>Die technischen Vorraussetzungen haben sich in der Fotografie der vergangenen vier Jahrzehnte vollkommen gewandelt, wodurch die Erg\u00e4nzung mit Abschluss als Mediendesigner erfolgte. In den Werken der unterschiedlichen Schaffensphasen spiegelt sich diese Ver\u00e4nderung, doch bleibt die Authentizit\u00e4t als strenge Ma\u00dfgabe.<\/p>\n<p>Die Studiokameras, Schiebekassetten, Planfimtr\u00e4ger und das stockdunkle, fotochemische Labor sind digitalen Kameras, Speicherkarten und einem taghellen Arbeitszimmer mit Monitoren und Entwicklungssoftware gewichen.<br \/>\nEiner Regel blieb der Fotograf trotz digital-technischer Entwicklung treu: Den Bildausschnitt legt er im Moment der Bet\u00e4tigung des Ausl\u00f6sers fest.<\/p>\n<p>Der thematische Schwerpunkt ist bis heute unver\u00e4ndert geblieben:<br \/>\nDreh- und Angelpunkt ist der Mensch \u2013 was von ihm ausgeht, was auf ihn einwirkt und der Mensch als Sch\u00f6pfer seiner selbst und seines Umfeldes. Es sind vor allem Portr\u00e4ts, Milieu- und Stra\u00dfenfotografien, die das Werk auszeichnen.<br \/>\nOft zeigen sich darin auch der Widerstreit und die Verwobenheit von menschlicher Natur, dem nat\u00fcrlichen und dem von Menschenhand geschaffenen Lebensraum. Nicht selten tritt der Mensch gegen die Natur und damit gewisserma\u00dfen auch gegen sich selbst an. Gesellschaftliche Situationen, R\u00e4ume, Landschaften und Personen erz\u00e4hlen Geschichten, die in fotografische Bilder \u00fcbersetzt sind.<\/p>\n<\/div>\n","protected":false},"excerpt":{"rendered":"<p>Der handwerklichen Fotografenausbildung schloss sich die k\u00fcnstlerisch-kreative zum Fotografiker an. So wurde das Wissen \u00fcber Technik und gestalterische Regeln um eine eigene, k\u00fcnstlerische Auffassung und eine freiere Umsetzung bereichert. Die technischen Vorraussetzungen haben sich in\u2026<\/p>\n<p> <a class=\"continue-reading-link\" href=\"https:\/\/www.melcastelli.com\/?page_id=1871\"><span>weiter<\/span><i class=\"crycon-right-dir\"><\/i><\/a> <\/p>\n","protected":false},"author":1,"featured_media":0,"parent":0,"menu_order":0,"comment_status":"closed","ping_status":"closed","template":"","meta":{"jetpack_post_was_ever_published":false,"footnotes":""},"class_list":["post-1871","page","type-page","status-publish","hentry"],"jetpack_sharing_enabled":true,"jetpack_shortlink":"https:\/\/wp.me\/P7qFei-ub","_links":{"self":[{"href":"https:\/\/www.melcastelli.com\/index.php?rest_route=\/wp\/v2\/pages\/1871","targetHints":{"allow":["GET"]}}],"collection":[{"href":"https:\/\/www.melcastelli.com\/index.php?rest_route=\/wp\/v2\/pages"}],"about":[{"href":"https:\/\/www.melcastelli.com\/index.php?rest_route=\/wp\/v2\/types\/page"}],"author":[{"embeddable":true,"href":"https:\/\/www.melcastelli.com\/index.php?rest_route=\/wp\/v2\/users\/1"}],"replies":[{"embeddable":true,"href":"https:\/\/www.melcastelli.com\/index.php?rest_route=%2Fwp%2Fv2%2Fcomments&post=1871"}],"version-history":[{"count":0,"href":"https:\/\/www.melcastelli.com\/index.php?rest_route=\/wp\/v2\/pages\/1871\/revisions"}],"wp:attachment":[{"href":"https:\/\/www.melcastelli.com\/index.php?rest_route=%2Fwp%2Fv2%2Fmedia&parent=1871"}],"curies":[{"name":"wp","href":"https:\/\/api.w.org\/{rel}","templated":true}]}}